{"id":8,"date":"2025-11-03T12:00:29","date_gmt":"2025-11-03T12:00:29","guid":{"rendered":"https:\/\/palac-jaszkowo.pl\/?page_id=8"},"modified":"2025-11-03T12:00:29","modified_gmt":"2025-11-03T12:00:29","slug":"o-mnie","status":"publish","type":"page","link":"https:\/\/palac-jaszkowo.pl\/?page_id=8","title":{"rendered":"O mnie"},"content":{"rendered":"\n<p>\u201e<strong>Przestrze\u0144 Spokoju<\/strong>\u201d to miejsce stworzone z pasji do hotelarstwa i harmonii. Piszemy o tym, jak tworzy\u0107 i do\u015bwiadcza\u0107 przestrzeni, kt\u00f3re \u0142\u0105cz\u0105\u00a0<strong>komfort, estetyk\u0119 i emocje<\/strong>. To blog o podr\u00f3\u017cach, relaksie i nowoczesnym podej\u015bciu do go\u015bcinno\u015bci \u2013 dla tych, kt\u00f3rzy szukaj\u0105 w \u017cyciu r\u00f3wnowagi.<\/p>\n\n\n\n<p>Kocham miejsca, w kt\u00f3rych cz\u0142owiek czuje si\u0119 naprawd\u0119 zaopiekowany.<\/p>\n\n\n\n<p>Opowiadam o hotelach, kt\u00f3re potrafi\u0105 by\u0107 czym\u015b wi\u0119cej ni\u017c noclegiem.<\/p>\n\n\n\n<p>Szukam inspiracji w strefach SPA, naturze i codziennych rytua\u0142ach.<\/p>\n\n\n\n<p>Wierz\u0119, \u017ce pisanie o spokoju to spos\u00f3b, by ten spok\u00f3j szerzy\u0107.<\/p>\n\n\n\n<p>Zajrzyj tutaj, je\u015bli chcesz odkry\u0107, \u017ce\u00a0<strong>go\u015bcinno\u015b\u0107 to nie zaw\u00f3d, lecz sztuka \u017cycia.<\/strong><\/p>\n","protected":false},"excerpt":{"rendered":"<p>\u201ePrzestrze\u0144 Spokoju\u201d to miejsce stworzone z pasji do hotelarstwa i harmonii. Piszemy o tym, jak tworzy\u0107 i do\u015bwiadcza\u0107 przestrzeni, kt\u00f3re \u0142\u0105cz\u0105\u00a0komfort, estetyk\u0119 i emocje. To blog o podr\u00f3\u017cach, relaksie i nowoczesnym podej\u015bciu do go\u015bcinno\u015bci \u2013 dla tych, kt\u00f3rzy szukaj\u0105 w \u017cyciu r\u00f3wnowagi. Kocham miejsca, w kt\u00f3rych cz\u0142owiek czuje si\u0119 naprawd\u0119 zaopiekowany. Opowiadam o hotelach, kt\u00f3re [&hellip;]<\/p>\n","protected":false},"author":1,"featured_media":0,"parent":0,"menu_order":0,"comment_status":"closed","ping_status":"closed","template":"","meta":{"footnotes":""},"class_list":["post-8","page","type-page","status-publish","hentry"],"_links":{"self":[{"href":"https:\/\/palac-jaszkowo.pl\/index.php?rest_route=\/wp\/v2\/pages\/8","targetHints":{"allow":["GET"]}}],"collection":[{"href":"https:\/\/palac-jaszkowo.pl\/index.php?rest_route=\/wp\/v2\/pages"}],"about":[{"href":"https:\/\/palac-jaszkowo.pl\/index.php?rest_route=\/wp\/v2\/types\/page"}],"author":[{"embeddable":true,"href":"https:\/\/palac-jaszkowo.pl\/index.php?rest_route=\/wp\/v2\/users\/1"}],"replies":[{"embeddable":true,"href":"https:\/\/palac-jaszkowo.pl\/index.php?rest_route=%2Fwp%2Fv2%2Fcomments&post=8"}],"version-history":[{"count":0,"href":"https:\/\/palac-jaszkowo.pl\/index.php?rest_route=\/wp\/v2\/pages\/8\/revisions"}],"wp:attachment":[{"href":"https:\/\/palac-jaszkowo.pl\/index.php?rest_route=%2Fwp%2Fv2%2Fmedia&parent=8"}],"curies":[{"name":"wp","href":"https:\/\/api.w.org\/{rel}","templated":true}]}}